{"id":114,"date":"2015-04-29T19:29:54","date_gmt":"2015-04-30T00:29:54","guid":{"rendered":"http:\/\/acreditacion.uni.edu.pe\/?page_id=114"},"modified":"2016-09-20T14:46:26","modified_gmt":"2016-09-20T19:46:26","slug":"branches","status":"publish","type":"page","link":"https:\/\/acreditacion.uni.edu.pe\/es\/economics\/branches\/","title":{"rendered":"Economics Engineering &#8211; Student Branches"},"content":{"rendered":"<p><strong>Students Center of the College of Economics and Statistical Engineering and Social Sciences<br \/>\n<\/strong><a href=\"https:\/\/www.facebook.com\/ceiee.fieecs.uni\/?fref=ts\">https:\/\/www.facebook.com\/ceiee.fieecs.uni\/?fref=ts<\/a><strong><br \/>\n<\/strong><\/p>\n<p style=\"padding-left: 30px;\">El centro de estudiantes de la FIEECS (CEIEE) es un grupo que lucha y vela por el bienestar y desarrollo profesional de los estudiantes.<\/p>\n<p><strong>Students Cultural Center, Luis Felipe de las Casas<br \/>\n<\/strong><a href=\"https:\/\/www.facebook.com\/CCLFC2016\/\">https:\/\/www.facebook.com\/CCLFC2016\/<\/a><\/p>\n<ul>\n<li>Contribuir a mejorar la formaci\u00f3n integral de los estudiantes de la Facultad de Ingenier\u00eda Econ\u00f3mica, Estad\u00edstica y Ciencias Sociales.<\/li>\n<li>Brindar asesor\u00edas y servicios profesionales a los sectores sociales.<\/li>\n<li>Alentar el intercambio y <span class=\"text_exposed_show\">la investigaci\u00f3n social, en el campo de la Econom\u00eda, la Estad\u00edstica y \u00e1reas afines.<\/span><\/li>\n<li><span class=\"text_exposed_show\">Desarrollar una conciencia firme y patri\u00f3tica en defensa del patrimonio Hist\u00f3rico \u2013 Cultural de nuestro pa\u00eds y de sus recursos naturales y productivos.<\/span><\/li>\n<\/ul>\n<p><strong>CIA (FIEECS-UNI): Centro de Investigaci\u00f3n Aplicada<\/strong><br \/>\n<a href=\"https:\/\/www.facebook.com\/ciafieecs\/\">https:\/\/www.facebook.com\/ciafieecs\/<\/a><\/p>\n<p><strong>CUARZO Econ\u00f3mico:<\/strong><br \/>\n<a href=\"https:\/\/www.facebook.com\/Cuarzo-Economico-1406943462853256\/?fref=ts\">https:\/\/www.facebook.com\/Cuarzo-Economico-1406943462853256\/?fref=ts<\/a><\/p>\n<ul>\n<li>Gestionar proyectos de desarrollo en materia econ\u00f3mica.<\/li>\n<li>Div<span class=\"text_exposed_show\">ulgar el conocimiento cient\u00edfico.<\/span><\/li>\n<li><span class=\"text_exposed_show\">Coordinar acciones con entidades nacionales p\u00fablicas y privadas con el fin de gestionar alternativas de desarrollo concertado.<\/span><\/li>\n<\/ul>\n<p><strong>Student Representation in College Council (One Third)<\/strong><\/p>\n<p><a href=\"https:\/\/www.facebook.com\/Tefieecs-Uni-371334806406134\/?fref=ts\">https:\/\/www.facebook.com\/Tefieecs-Uni-371334806406134\/?fref=ts<\/a><strong><br \/>\n<\/strong><\/p>\n<p>&nbsp;<\/p>\n","protected":false},"excerpt":{"rendered":"<p>Students Center of the College of Economics and Statistical Engineering and Social Sciences https:\/\/www.facebook.com\/ceiee.fieecs.uni\/?fref=ts El centro de estudiantes de la FIEECS (CEIEE) es un grupo que lucha y vela por el bienestar y desarrollo&#46;&#46;&#46;<\/p>\n","protected":false},"author":2,"featured_media":0,"parent":46,"menu_order":0,"comment_status":"open","ping_status":"open","template":"","meta":{"footnotes":"","_links_to":"","_links_to_target":""},"class_list":["post-114","page","type-page","status-publish","hentry"],"_links":{"self":[{"href":"https:\/\/acreditacion.uni.edu.pe\/es\/wp-json\/wp\/v2\/pages\/114","targetHints":{"allow":["GET"]}}],"collection":[{"href":"https:\/\/acreditacion.uni.edu.pe\/es\/wp-json\/wp\/v2\/pages"}],"about":[{"href":"https:\/\/acreditacion.uni.edu.pe\/es\/wp-json\/wp\/v2\/types\/page"}],"author":[{"embeddable":true,"href":"https:\/\/acreditacion.uni.edu.pe\/es\/wp-json\/wp\/v2\/users\/2"}],"replies":[{"embeddable":true,"href":"https:\/\/acreditacion.uni.edu.pe\/es\/wp-json\/wp\/v2\/comments?post=114"}],"version-history":[{"count":12,"href":"https:\/\/acreditacion.uni.edu.pe\/es\/wp-json\/wp\/v2\/pages\/114\/revisions"}],"predecessor-version":[{"id":7717,"href":"https:\/\/acreditacion.uni.edu.pe\/es\/wp-json\/wp\/v2\/pages\/114\/revisions\/7717"}],"up":[{"embeddable":true,"href":"https:\/\/acreditacion.uni.edu.pe\/es\/wp-json\/wp\/v2\/pages\/46"}],"wp:attachment":[{"href":"https:\/\/acreditacion.uni.edu.pe\/es\/wp-json\/wp\/v2\/media?parent=114"}],"curies":[{"name":"wp","href":"https:\/\/api.w.org\/{rel}","templated":true}]}}