{"id":11017,"date":"2016-11-28T10:56:20","date_gmt":"2016-11-28T15:56:20","guid":{"rendered":"http:\/\/acreditacion.uni.edu.pe\/?page_id=11017"},"modified":"2019-09-23T12:14:36","modified_gmt":"2019-09-23T17:14:36","slug":"advisory","status":"publish","type":"page","link":"https:\/\/acreditacion.uni.edu.pe\/es\/ephysics\/advisory\/","title":{"rendered":"Ingenier\u00eda F\u00edsica &#8211; Comit\u00e9 Consultivo"},"content":{"rendered":"Lugar: Auditorio de la Facultad de Ciencias<br \/>\nExpositor: Dr. Antonio Mor\u00e1n C\u00e1rdenas<br \/>\n<a href=\"http:\/\/acreditacion.uni.edu.pe\/wp-content\/uploads\/2016\/11\/Comite-F\u00edsca.jpg\" data-rel=\"lightbox-image-0\" data-rl_title=\"\" data-rl_caption=\"\" title=\"\"><img loading=\"lazy\" decoding=\"async\" class=\"size-large wp-image-11009 aligncenter\" src=\"http:\/\/acreditacion.uni.edu.pe\/wp-content\/uploads\/2016\/11\/Comite-F\u00edsca-1024x768.jpg\" alt=\"comite-fisca\" width=\"1024\" height=\"768\" srcset=\"https:\/\/acreditacion.uni.edu.pe\/wp-content\/uploads\/2016\/11\/Comite-F\u00edsca-1024x768.jpg 1024w, https:\/\/acreditacion.uni.edu.pe\/wp-content\/uploads\/2016\/11\/Comite-F\u00edsca-300x225.jpg 300w, https:\/\/acreditacion.uni.edu.pe\/wp-content\/uploads\/2016\/11\/Comite-F\u00edsca-768x576.jpg 768w\" sizes=\"auto, (max-width: 1024px) 100vw, 1024px\" \/><\/a><\/p>\n<p style=\"text-align: justify;\">El Comit\u00e9 Consultivo de la Escuela Profesional de Ingenier\u00eda F\u00edsica es un cuerpo de reconocidos profesionales de la ingenier\u00eda que, en virtud de su trayectoria y experiencia profesional destacada, pueden brindar opini\u00f3n y recomendaci\u00f3n sobre el desempe\u00f1o y perspectivas de la Escuela de Ingenier\u00eda F\u00edsica en torno al cumplimiento de su misi\u00f3n de formar ingenieros capaces de desempe\u00f1arse con \u00e9xito en el ejercicio de su profesi\u00f3n.<\/p>\n<p>El Comit\u00e9 Consultivo brinda a la Escuela opini\u00f3n y recomendaci\u00f3n respecto a:<\/p>\n<ul>\n<li>Pertinencia, relevancia y suficiencia del perfil y competencias profesionales del ingeniero que egresa de la Escuela.<\/li>\n<li>Tendencias tecnol\u00f3gicas en el campo de la ingenier\u00eda F\u00edsica.<\/li>\n<li>Situaci\u00f3n y perspectivas del mercado laboral.<\/li>\n<li>Demandas del sector empresarial.<\/li>\n<li>Direcciones futuras que puede tomar la Escuela.<\/li>\n<li>Opini\u00f3n y comentarios sobre el desempe\u00f1o de los alumnos y egresados.<\/li>\n<li>Potenciales modificaciones y ajustes curriculares.<\/li>\n<li>Infraestructura, laboratorios y servicios de la Universidad, la Facultad y la Escuela.<\/li>\n<\/ul>\n<p>The current Board consists of the following members:<\/p>\n<ul>\n<li>Eng. Elizabeth Carrera<br \/>\nMaterials Analyst<br \/>\nBuenaventura Engineers Co.<br \/>\nEngineering consulting company providing services to mining industry<\/li>\n<li>MSc. Eng. Rolando Adriano<br \/>\nResearcher<br \/>\nINICTEL<br \/>\nNational Institute of Telecommunications Research<\/li>\n<li>Eng. Roger Meza<br \/>\nMetrology Specialist<br \/>\nConsultant engineer in metrology for mining and manufacturing industries<\/li>\n<li>Eng. Julio Alarcon<br \/>\nPhysics Engineer<br \/>\nENVIROEQUIP<br \/>\nPeruvian company providing solutions for environmental protection and recovery<\/li>\n<\/ul>\n<div class=\"su-document su-u-responsive-media-yes\"><iframe loading=\"lazy\" src=\"\/\/docs.google.com\/viewer?embedded=true&url=http:\/\/acreditacion.uni.edu.pe\/wp-content\/uploads\/2016\/11\/Acreditacion-FC-Comite-Consultivo-Noviembre-2016.pdf\" width=\"400\" height=\"800\" class=\"su-document\" title=\"\"><\/iframe><\/div>\n<p style=\"text-align: justify;\"><span style=\"color: #6b0100;\"><strong>OBJETIVOS EDUCACIONALES<\/strong><\/span><\/p>\n<div class=\"su-document su-u-responsive-media-yes\"><iframe loading=\"lazy\" src=\"\/\/docs.google.com\/viewer?embedded=true&url=http:\/\/acreditacion.uni.edu.pe\/wp-content\/uploads\/2016\/11\/IngFisica-Objetivos-Educacionales.pdf\" width=\"400\" height=\"800\" class=\"su-document\" title=\"\"><\/iframe><\/div>\n<div class=\"su-divider su-divider-style-default\" style=\"margin:15px 0;border-width:3px;border-color:#999999\"><a href=\"#\" style=\"color:#999999\">Go to top<\/a><\/div>\n<div class=\"su-document su-u-responsive-media-yes\"><iframe loading=\"lazy\" src=\"\/\/docs.google.com\/viewer?embedded=true&url=http:\/\/acreditacion.uni.edu.pe\/wp-content\/uploads\/2016\/11\/Comite-Consultivo-FC-Noviembre-2015.pdf\" width=\"400\" height=\"800\" class=\"su-document\" title=\"\"><\/iframe><\/div>\n<div class=\"su-document su-u-responsive-media-yes\"><iframe loading=\"lazy\" src=\"\/\/docs.google.com\/viewer?embedded=true&url=http:\/\/acreditacion.uni.edu.pe\/wp-content\/uploads\/2016\/11\/Comite-Consultivo-Ing-Fisica-UNI.pdf\" width=\"400\" height=\"800\" class=\"su-document\" title=\"\"><\/iframe><\/div>\n<div class=\"su-divider su-divider-style-default\" style=\"margin:15px 0;border-width:3px;border-color:#999999\"><a href=\"#\" style=\"color:#999999\">Go to top<\/a><\/div>","protected":false},"excerpt":{"rendered":"<p>Lugar: Auditorio de la Facultad de Ciencias Expositor: Dr. Antonio Mor\u00e1n C\u00e1rdenas El Comit\u00e9 Consultivo de la Escuela Profesional de Ingenier\u00eda F\u00edsica es un cuerpo de reconocidos profesionales de la ingenier\u00eda que, en virtud&#46;&#46;&#46;<\/p>\n","protected":false},"author":2,"featured_media":0,"parent":2959,"menu_order":0,"comment_status":"closed","ping_status":"closed","template":"","meta":{"footnotes":"","_links_to":"","_links_to_target":""},"class_list":["post-11017","page","type-page","status-publish","hentry"],"_links":{"self":[{"href":"https:\/\/acreditacion.uni.edu.pe\/es\/wp-json\/wp\/v2\/pages\/11017","targetHints":{"allow":["GET"]}}],"collection":[{"href":"https:\/\/acreditacion.uni.edu.pe\/es\/wp-json\/wp\/v2\/pages"}],"about":[{"href":"https:\/\/acreditacion.uni.edu.pe\/es\/wp-json\/wp\/v2\/types\/page"}],"author":[{"embeddable":true,"href":"https:\/\/acreditacion.uni.edu.pe\/es\/wp-json\/wp\/v2\/users\/2"}],"replies":[{"embeddable":true,"href":"https:\/\/acreditacion.uni.edu.pe\/es\/wp-json\/wp\/v2\/comments?post=11017"}],"version-history":[{"count":13,"href":"https:\/\/acreditacion.uni.edu.pe\/es\/wp-json\/wp\/v2\/pages\/11017\/revisions"}],"predecessor-version":[{"id":31165,"href":"https:\/\/acreditacion.uni.edu.pe\/es\/wp-json\/wp\/v2\/pages\/11017\/revisions\/31165"}],"up":[{"embeddable":true,"href":"https:\/\/acreditacion.uni.edu.pe\/es\/wp-json\/wp\/v2\/pages\/2959"}],"wp:attachment":[{"href":"https:\/\/acreditacion.uni.edu.pe\/es\/wp-json\/wp\/v2\/media?parent=11017"}],"curies":[{"name":"wp","href":"https:\/\/api.w.org\/{rel}","templated":true}]}}