{"id":10588,"date":"2016-11-21T15:36:44","date_gmt":"2016-11-21T20:36:44","guid":{"rendered":"http:\/\/acreditacion.uni.edu.pe\/?page_id=10588"},"modified":"2019-04-12T16:23:24","modified_gmt":"2019-04-12T21:23:24","slug":"apein","status":"publish","type":"page","link":"https:\/\/acreditacion.uni.edu.pe\/es\/naval\/apein\/","title":{"rendered":"Ingenier\u00eda Naval &#8211; APEIN"},"content":{"rendered":"<p><strong>APEIN &#8211; Asociaci\u00f3n Peruana de Estudiantes de Ingenier\u00eda Naval<\/strong>;<br \/>\n<a href=\"https:\/\/www.facebook.com\/apein.uni\/\" target=\"_blank\" rel=\"noopener noreferrer\">https:\/\/www.facebook.com\/apein.uni\/<\/a><\/p>\n<p style=\"padding-left: 30px; text-align: justify;\">Bienvenidos a la P\u00e1gina Institucional de la Asociaci\u00f3n Peruana de Estudiantes de Ingenier\u00eda Naval de la UNI. Encontrar\u00e1s datos sobre nuestra instituci\u00f3n, as\u00ed como los proyectos, eventos, cursos y visitas que estamos desarrollando en la actualidad.<\/p>\n<div id=\"su_slider_69deebe80fc89\" class=\"su-slider su-slider-centered su-slider-pages-yes su-slider-responsive-yes su-lightbox-gallery\" style=\"width:100%\" data-autoplay=\"3000\" data-speed=\"600\" data-mousewheel=\"true\"><div class=\"su-slider-slides\"><div class=\"su-slider-slide\"><a href=\"https:\/\/acreditacion.uni.edu.pe\/wp-content\/uploads\/2016\/11\/APEIN-1.jpg\"  title=\"\" data-rel=\"lightbox-image-0\" data-rl_title=\"\" data-rl_caption=\"\"><img decoding=\"async\" src=\"https:\/\/acreditacion.uni.edu.pe\/wp-content\/uploads\/2016\/11\/APEIN-1-600x800.jpg\" alt=\"apein-1\" \/><\/a><\/div><div class=\"su-slider-slide\"><a href=\"https:\/\/acreditacion.uni.edu.pe\/wp-content\/uploads\/2016\/11\/APEIN-2.jpg\"  title=\"\" data-rel=\"lightbox-image-1\" data-rl_title=\"\" data-rl_caption=\"\"><img decoding=\"async\" src=\"https:\/\/acreditacion.uni.edu.pe\/wp-content\/uploads\/2016\/11\/APEIN-2-600x800.jpg\" alt=\"apein-2\" \/><\/a><\/div><div class=\"su-slider-slide\"><a href=\"https:\/\/acreditacion.uni.edu.pe\/wp-content\/uploads\/2016\/11\/APEIN-3.jpg\"  title=\"\" data-rel=\"lightbox-image-2\" data-rl_title=\"\" data-rl_caption=\"\"><img decoding=\"async\" src=\"https:\/\/acreditacion.uni.edu.pe\/wp-content\/uploads\/2016\/11\/APEIN-3-600x800.jpg\" alt=\"apein-3\" \/><\/a><\/div><div class=\"su-slider-slide\"><a href=\"https:\/\/acreditacion.uni.edu.pe\/wp-content\/uploads\/2016\/11\/APEIN-4.png\"  title=\"\" data-rel=\"lightbox-image-3\" data-rl_title=\"\" data-rl_caption=\"\"><img decoding=\"async\" src=\"https:\/\/acreditacion.uni.edu.pe\/wp-content\/uploads\/2016\/11\/APEIN-4-600x800.png\" alt=\"apein-4\" \/><\/a><\/div><div class=\"su-slider-slide\"><a href=\"https:\/\/acreditacion.uni.edu.pe\/wp-content\/uploads\/2016\/11\/APEIN-5.jpg\"  title=\"\" data-rel=\"lightbox-image-4\" data-rl_title=\"\" data-rl_caption=\"\"><img decoding=\"async\" src=\"https:\/\/acreditacion.uni.edu.pe\/wp-content\/uploads\/2016\/11\/APEIN-5-600x800.jpg\" alt=\"apein-5\" \/><\/a><\/div><div class=\"su-slider-slide\"><a href=\"https:\/\/acreditacion.uni.edu.pe\/wp-content\/uploads\/2016\/11\/APEIN-6.png\"  title=\"\" data-rel=\"lightbox-image-5\" data-rl_title=\"\" data-rl_caption=\"\"><img decoding=\"async\" src=\"https:\/\/acreditacion.uni.edu.pe\/wp-content\/uploads\/2016\/11\/APEIN-6-600x800.png\" alt=\"apein-6\" \/><\/a><\/div><div class=\"su-slider-slide\"><a href=\"https:\/\/acreditacion.uni.edu.pe\/wp-content\/uploads\/2016\/11\/APEIN-7.jpg\"  title=\"\" data-rel=\"lightbox-image-6\" data-rl_title=\"\" data-rl_caption=\"\"><img decoding=\"async\" src=\"https:\/\/acreditacion.uni.edu.pe\/wp-content\/uploads\/2016\/11\/APEIN-7-600x800.jpg\" alt=\"apein-7\" \/><\/a><\/div><div class=\"su-slider-slide\"><a href=\"https:\/\/acreditacion.uni.edu.pe\/wp-content\/uploads\/2016\/11\/APEIN-8.jpg\"  title=\"\" data-rel=\"lightbox-image-7\" data-rl_title=\"\" data-rl_caption=\"\"><img decoding=\"async\" src=\"https:\/\/acreditacion.uni.edu.pe\/wp-content\/uploads\/2016\/11\/APEIN-8-600x800.jpg\" alt=\"apein-8\" \/><\/a><\/div><\/div><div class=\"su-slider-nav\"><div class=\"su-slider-direction\"><span class=\"su-slider-prev\"><\/span><span class=\"su-slider-next\"><\/span><\/div><div class=\"su-slider-pagination\"><\/div><\/div><\/div>\n","protected":false},"excerpt":{"rendered":"<p>APEIN &#8211; Asociaci\u00f3n Peruana de Estudiantes de Ingenier\u00eda Naval; https:\/\/www.facebook.com\/apein.uni\/ Bienvenidos a la P\u00e1gina Institucional de la Asociaci\u00f3n Peruana de Estudiantes de Ingenier\u00eda Naval de la UNI. Encontrar\u00e1s datos sobre nuestra instituci\u00f3n, as\u00ed como&#46;&#46;&#46;<\/p>\n","protected":false},"author":2,"featured_media":0,"parent":42,"menu_order":0,"comment_status":"closed","ping_status":"closed","template":"","meta":{"footnotes":"","_links_to":"","_links_to_target":""},"class_list":["post-10588","page","type-page","status-publish","hentry"],"_links":{"self":[{"href":"https:\/\/acreditacion.uni.edu.pe\/es\/wp-json\/wp\/v2\/pages\/10588","targetHints":{"allow":["GET"]}}],"collection":[{"href":"https:\/\/acreditacion.uni.edu.pe\/es\/wp-json\/wp\/v2\/pages"}],"about":[{"href":"https:\/\/acreditacion.uni.edu.pe\/es\/wp-json\/wp\/v2\/types\/page"}],"author":[{"embeddable":true,"href":"https:\/\/acreditacion.uni.edu.pe\/es\/wp-json\/wp\/v2\/users\/2"}],"replies":[{"embeddable":true,"href":"https:\/\/acreditacion.uni.edu.pe\/es\/wp-json\/wp\/v2\/comments?post=10588"}],"version-history":[{"count":8,"href":"https:\/\/acreditacion.uni.edu.pe\/es\/wp-json\/wp\/v2\/pages\/10588\/revisions"}],"predecessor-version":[{"id":28025,"href":"https:\/\/acreditacion.uni.edu.pe\/es\/wp-json\/wp\/v2\/pages\/10588\/revisions\/28025"}],"up":[{"embeddable":true,"href":"https:\/\/acreditacion.uni.edu.pe\/es\/wp-json\/wp\/v2\/pages\/42"}],"wp:attachment":[{"href":"https:\/\/acreditacion.uni.edu.pe\/es\/wp-json\/wp\/v2\/media?parent=10588"}],"curies":[{"name":"wp","href":"https:\/\/api.w.org\/{rel}","templated":true}]}}