{"id":10573,"date":"2016-11-21T15:20:52","date_gmt":"2016-11-21T20:20:52","guid":{"rendered":"http:\/\/acreditacion.uni.edu.pe\/?page_id=10573"},"modified":"2019-04-11T15:11:31","modified_gmt":"2019-04-11T20:11:31","slug":"ciim","status":"publish","type":"page","link":"https:\/\/acreditacion.uni.edu.pe\/es\/mechanical\/ciim\/","title":{"rendered":"Ingenier\u00eda Mec\u00e1nica &#8211; CIIM"},"content":{"rendered":"<strong>CIIM &#8211; Centro de Investigaci\u00f3n de Ingenier\u00eda Mec\u00e1nica<\/strong><br \/>\n<a href=\"https:\/\/www.facebook.com\/ciim.edu\/\">https:\/\/www.facebook.com\/ciim.edu\/<\/a><\/p>\n<p style=\"padding-left: 30px; text-align: justify;\">Somos un centro de estudiantes que promovemos e incentivamos la investigaci\u00f3n en los estudiantes de la especialidad de ingenier\u00eda mec\u00e1nica, acerc\u00e1ndose desde muy temprano a su carrera, organizando talleres de habilidades blandas y duras, visitas t\u00e9cnicas y mini cursos. (Lima-PE).<\/p>\n<div id=\"su_slider_69ef9df4176b6\" class=\"su-slider su-slider-centered su-slider-pages-yes su-slider-responsive-yes su-lightbox-gallery\" style=\"width:100%\" data-autoplay=\"3000\" data-speed=\"600\" data-mousewheel=\"true\"><div class=\"su-slider-slides\"><div class=\"su-slider-slide\"><a href=\"https:\/\/acreditacion.uni.edu.pe\/wp-content\/uploads\/2016\/11\/CIIM-1-Charla-Cobre-Antimicrobiano-CIIM.jpg\"  title=\"\" data-rel=\"lightbox-image-0\" data-rl_title=\"\" data-rl_caption=\"\"><img decoding=\"async\" src=\"https:\/\/acreditacion.uni.edu.pe\/wp-content\/uploads\/2016\/11\/CIIM-1-Charla-Cobre-Antimicrobiano-CIIM-600x800.jpg\" alt=\"ciim-1-charla-cobre-antimicrobiano-ciim\" \/><\/a><\/div><div class=\"su-slider-slide\"><a href=\"https:\/\/acreditacion.uni.edu.pe\/wp-content\/uploads\/2016\/11\/CIIM-2-Jueves-de-Ingenier\u00eda-1.jpg\"  title=\"\" data-rel=\"lightbox-image-1\" data-rl_title=\"\" data-rl_caption=\"\"><img decoding=\"async\" src=\"https:\/\/acreditacion.uni.edu.pe\/wp-content\/uploads\/2016\/11\/CIIM-2-Jueves-de-Ingenier\u00eda-1-600x800.jpg\" alt=\"ciim-2-jueves-de-ingenieria-1\" \/><\/a><\/div><div class=\"su-slider-slide\"><a href=\"https:\/\/acreditacion.uni.edu.pe\/wp-content\/uploads\/2016\/11\/CIIM-3-Jueves-de-Ingenier\u00eda-2.jpg\"  title=\"\" data-rel=\"lightbox-image-2\" data-rl_title=\"\" data-rl_caption=\"\"><img decoding=\"async\" src=\"https:\/\/acreditacion.uni.edu.pe\/wp-content\/uploads\/2016\/11\/CIIM-3-Jueves-de-Ingenier\u00eda-2-600x800.jpg\" alt=\"ciim-3-jueves-de-ingenieria-2\" \/><\/a><\/div><div class=\"su-slider-slide\"><a href=\"https:\/\/acreditacion.uni.edu.pe\/wp-content\/uploads\/2016\/11\/CIIM-4-Jueves-de-Ingenier\u00eda-3.jpg\"  title=\"\" data-rel=\"lightbox-image-3\" data-rl_title=\"\" data-rl_caption=\"\"><img decoding=\"async\" src=\"https:\/\/acreditacion.uni.edu.pe\/wp-content\/uploads\/2016\/11\/CIIM-4-Jueves-de-Ingenier\u00eda-3-600x800.jpg\" alt=\"ciim-4-jueves-de-ingenieria-3\" \/><\/a><\/div><div class=\"su-slider-slide\"><a href=\"https:\/\/acreditacion.uni.edu.pe\/wp-content\/uploads\/2016\/11\/CIIM-5-Jueves-de-Ingenier\u00eda-4.jpg\"  title=\"\" data-rel=\"lightbox-image-4\" data-rl_title=\"\" data-rl_caption=\"\"><img decoding=\"async\" src=\"https:\/\/acreditacion.uni.edu.pe\/wp-content\/uploads\/2016\/11\/CIIM-5-Jueves-de-Ingenier\u00eda-4-600x800.jpg\" alt=\"ciim-5-jueves-de-ingenieria-4\" \/><\/a><\/div><div class=\"su-slider-slide\"><a href=\"https:\/\/acreditacion.uni.edu.pe\/wp-content\/uploads\/2016\/11\/CIIM-6Jueves-de-Ingenier\u00eda-5.jpg\"  title=\"\" data-rel=\"lightbox-image-5\" data-rl_title=\"\" data-rl_caption=\"\"><img decoding=\"async\" src=\"https:\/\/acreditacion.uni.edu.pe\/wp-content\/uploads\/2016\/11\/CIIM-6Jueves-de-Ingenier\u00eda-5-600x800.jpg\" alt=\"ciim-6jueves-de-ingenieria-5\" \/><\/a><\/div><\/div><div class=\"su-slider-nav\"><div class=\"su-slider-direction\"><span class=\"su-slider-prev\"><\/span><span class=\"su-slider-next\"><\/span><\/div><div class=\"su-slider-pagination\"><\/div><\/div><\/div>","protected":false},"excerpt":{"rendered":"<p>CIIM &#8211; Centro de Investigaci\u00f3n de Ingenier\u00eda Mec\u00e1nica https:\/\/www.facebook.com\/ciim.edu\/ Somos un centro de estudiantes que promovemos e incentivamos la investigaci\u00f3n en los estudiantes de la especialidad de ingenier\u00eda mec\u00e1nica, acerc\u00e1ndose desde muy temprano a&#46;&#46;&#46;<\/p>\n","protected":false},"author":2,"featured_media":0,"parent":38,"menu_order":0,"comment_status":"closed","ping_status":"closed","template":"","meta":{"footnotes":"","_links_to":"","_links_to_target":""},"class_list":["post-10573","page","type-page","status-publish","hentry"],"_links":{"self":[{"href":"https:\/\/acreditacion.uni.edu.pe\/es\/wp-json\/wp\/v2\/pages\/10573","targetHints":{"allow":["GET"]}}],"collection":[{"href":"https:\/\/acreditacion.uni.edu.pe\/es\/wp-json\/wp\/v2\/pages"}],"about":[{"href":"https:\/\/acreditacion.uni.edu.pe\/es\/wp-json\/wp\/v2\/types\/page"}],"author":[{"embeddable":true,"href":"https:\/\/acreditacion.uni.edu.pe\/es\/wp-json\/wp\/v2\/users\/2"}],"replies":[{"embeddable":true,"href":"https:\/\/acreditacion.uni.edu.pe\/es\/wp-json\/wp\/v2\/comments?post=10573"}],"version-history":[{"count":4,"href":"https:\/\/acreditacion.uni.edu.pe\/es\/wp-json\/wp\/v2\/pages\/10573\/revisions"}],"predecessor-version":[{"id":27949,"href":"https:\/\/acreditacion.uni.edu.pe\/es\/wp-json\/wp\/v2\/pages\/10573\/revisions\/27949"}],"up":[{"embeddable":true,"href":"https:\/\/acreditacion.uni.edu.pe\/es\/wp-json\/wp\/v2\/pages\/38"}],"wp:attachment":[{"href":"https:\/\/acreditacion.uni.edu.pe\/es\/wp-json\/wp\/v2\/media?parent=10573"}],"curies":[{"name":"wp","href":"https:\/\/api.w.org\/{rel}","templated":true}]}}