{"id":10496,"date":"2016-11-21T12:47:03","date_gmt":"2016-11-21T17:47:03","guid":{"rendered":"http:\/\/acreditacion.uni.edu.pe\/?page_id=10496"},"modified":"2019-11-01T18:10:06","modified_gmt":"2019-11-01T23:10:06","slug":"cedim","status":"publish","type":"page","link":"https:\/\/acreditacion.uni.edu.pe\/es\/mechatronics\/cedim\/","title":{"rendered":"Ingenier\u00eda Mecatr\u00f3nica &#8211; CEDIM"},"content":{"rendered":"<strong>CEDIM\u00a0&#8211; Student Chapter UNI<\/strong><br \/>\n<a href=\"https:\/\/www.facebook.com\/cedimuni\/\" target=\"_blank\" rel=\"noopener noreferrer\">https:\/\/www.facebook.com\/cedimuni\/<\/a><\/p>\n<p style=\"padding-left: 30px; text-align: justify;\">El Centro de Desarrollo e Investigaci\u00f3n en Mecatr\u00f3nica es una organizaci\u00f3n especializada de la Universidad Nacional de Ingenier\u00eda formada por estudiantes dedicados a incentivar el desarrollo de proyectos cient\u00edficos, as\u00ed como promover la investigaci\u00f3n en \u00e1reas relacionadas con la Ingenier\u00eda Mecatr\u00f3nica. De esta forma queremos dar a conocer que la Mecatr\u00f3nica es la respuesta a la necesidad de integraci\u00f3n e interacci\u00f3n intensiva entre diferentes \u00e1reas de la Ingenier\u00eda, y que cumple hoy, un rol importante en la peque\u00f1a, mediana y gran empresa.<\/p>\n<p><a href=\"http:\/\/acreditacion.uni.edu.pe\/wp-content\/uploads\/2016\/11\/CEDIM-2-Curso-2.jpg\" data-rel=\"lightbox-image-0\" data-rl_title=\"\" data-rl_caption=\"\" title=\"\"><img loading=\"lazy\" decoding=\"async\" class=\"alignnone size-large wp-image-10564\" src=\"http:\/\/acreditacion.uni.edu.pe\/wp-content\/uploads\/2016\/11\/CEDIM-2-Curso-2-1024x667.jpg\" alt=\"cedim-2-curso-2\" width=\"1024\" height=\"667\" srcset=\"https:\/\/acreditacion.uni.edu.pe\/wp-content\/uploads\/2016\/11\/CEDIM-2-Curso-2-1024x667.jpg 1024w, https:\/\/acreditacion.uni.edu.pe\/wp-content\/uploads\/2016\/11\/CEDIM-2-Curso-2-300x195.jpg 300w, https:\/\/acreditacion.uni.edu.pe\/wp-content\/uploads\/2016\/11\/CEDIM-2-Curso-2-768x500.jpg 768w, https:\/\/acreditacion.uni.edu.pe\/wp-content\/uploads\/2016\/11\/CEDIM-2-Curso-2.jpg 1280w\" sizes=\"auto, (max-width: 1024px) 100vw, 1024px\" \/><\/a><\/p>\n<p><a href=\"http:\/\/acreditacion.uni.edu.pe\/wp-content\/uploads\/2016\/11\/CEDIM-3-Curso-3.jpg\" data-rel=\"lightbox-image-1\" data-rl_title=\"\" data-rl_caption=\"\" title=\"\"><img loading=\"lazy\" decoding=\"async\" class=\"alignnone size-large wp-image-10565\" src=\"http:\/\/acreditacion.uni.edu.pe\/wp-content\/uploads\/2016\/11\/CEDIM-3-Curso-3-1024x768.jpg\" alt=\"cedim-3-curso-3\" width=\"1024\" height=\"768\" srcset=\"https:\/\/acreditacion.uni.edu.pe\/wp-content\/uploads\/2016\/11\/CEDIM-3-Curso-3.jpg 1024w, https:\/\/acreditacion.uni.edu.pe\/wp-content\/uploads\/2016\/11\/CEDIM-3-Curso-3-300x225.jpg 300w, https:\/\/acreditacion.uni.edu.pe\/wp-content\/uploads\/2016\/11\/CEDIM-3-Curso-3-768x576.jpg 768w\" sizes=\"auto, (max-width: 1024px) 100vw, 1024px\" \/><\/a><\/p>\n<p><a href=\"http:\/\/acreditacion.uni.edu.pe\/wp-content\/uploads\/2016\/11\/CEDIM-4-Curso-4.jpg\" data-rel=\"lightbox-image-2\" data-rl_title=\"\" data-rl_caption=\"\" title=\"\"><img loading=\"lazy\" decoding=\"async\" class=\"alignnone size-large wp-image-10566\" src=\"http:\/\/acreditacion.uni.edu.pe\/wp-content\/uploads\/2016\/11\/CEDIM-4-Curso-4-795x1024.jpg\" alt=\"cedim-4-curso-4\" width=\"795\" height=\"1024\" srcset=\"https:\/\/acreditacion.uni.edu.pe\/wp-content\/uploads\/2016\/11\/CEDIM-4-Curso-4-795x1024.jpg 795w, https:\/\/acreditacion.uni.edu.pe\/wp-content\/uploads\/2016\/11\/CEDIM-4-Curso-4-233x300.jpg 233w, https:\/\/acreditacion.uni.edu.pe\/wp-content\/uploads\/2016\/11\/CEDIM-4-Curso-4-768x990.jpg 768w, https:\/\/acreditacion.uni.edu.pe\/wp-content\/uploads\/2016\/11\/CEDIM-4-Curso-4.jpg 960w\" sizes=\"auto, (max-width: 795px) 100vw, 795px\" \/><\/a><\/p>\n<p><a href=\"http:\/\/acreditacion.uni.edu.pe\/wp-content\/uploads\/2016\/11\/CEDIM-5-Curso.jpg\" data-rel=\"lightbox-image-3\" data-rl_title=\"\" data-rl_caption=\"\" title=\"\"><img loading=\"lazy\" decoding=\"async\" class=\"alignnone size-large wp-image-10567\" src=\"http:\/\/acreditacion.uni.edu.pe\/wp-content\/uploads\/2016\/11\/CEDIM-5-Curso-1024x725.jpg\" alt=\"cedim-5-curso\" width=\"1024\" height=\"725\" srcset=\"https:\/\/acreditacion.uni.edu.pe\/wp-content\/uploads\/2016\/11\/CEDIM-5-Curso-1024x725.jpg 1024w, https:\/\/acreditacion.uni.edu.pe\/wp-content\/uploads\/2016\/11\/CEDIM-5-Curso-300x212.jpg 300w, https:\/\/acreditacion.uni.edu.pe\/wp-content\/uploads\/2016\/11\/CEDIM-5-Curso-768x544.jpg 768w, https:\/\/acreditacion.uni.edu.pe\/wp-content\/uploads\/2016\/11\/CEDIM-5-Curso.jpg 1116w\" sizes=\"auto, (max-width: 1024px) 100vw, 1024px\" \/><\/a><\/p>\n<p><a href=\"http:\/\/acreditacion.uni.edu.pe\/wp-content\/uploads\/2016\/11\/CEDIM-6Participaci\u00f3n-2.jpg\" data-rel=\"lightbox-image-4\" data-rl_title=\"\" data-rl_caption=\"\" title=\"\"><img loading=\"lazy\" decoding=\"async\" class=\"alignnone size-large wp-image-10568\" src=\"http:\/\/acreditacion.uni.edu.pe\/wp-content\/uploads\/2016\/11\/CEDIM-6Participaci\u00f3n-2.jpg\" alt=\"cedim-6participacion-2\" width=\"679\" height=\"960\" srcset=\"https:\/\/acreditacion.uni.edu.pe\/wp-content\/uploads\/2016\/11\/CEDIM-6Participaci\u00f3n-2.jpg 679w, https:\/\/acreditacion.uni.edu.pe\/wp-content\/uploads\/2016\/11\/CEDIM-6Participaci\u00f3n-2-212x300.jpg 212w\" sizes=\"auto, (max-width: 679px) 100vw, 679px\" \/><\/a>","protected":false},"excerpt":{"rendered":"<p>CEDIM\u00a0&#8211; Student Chapter UNI https:\/\/www.facebook.com\/cedimuni\/ El Centro de Desarrollo e Investigaci\u00f3n en Mecatr\u00f3nica es una organizaci\u00f3n especializada de la Universidad Nacional de Ingenier\u00eda formada por estudiantes dedicados a incentivar el desarrollo de proyectos cient\u00edficos,&#46;&#46;&#46;<\/p>\n","protected":false},"author":2,"featured_media":0,"parent":44,"menu_order":0,"comment_status":"closed","ping_status":"closed","template":"","meta":{"footnotes":"","_links_to":"","_links_to_target":""},"class_list":["post-10496","page","type-page","status-publish","hentry"],"_links":{"self":[{"href":"https:\/\/acreditacion.uni.edu.pe\/es\/wp-json\/wp\/v2\/pages\/10496","targetHints":{"allow":["GET"]}}],"collection":[{"href":"https:\/\/acreditacion.uni.edu.pe\/es\/wp-json\/wp\/v2\/pages"}],"about":[{"href":"https:\/\/acreditacion.uni.edu.pe\/es\/wp-json\/wp\/v2\/types\/page"}],"author":[{"embeddable":true,"href":"https:\/\/acreditacion.uni.edu.pe\/es\/wp-json\/wp\/v2\/users\/2"}],"replies":[{"embeddable":true,"href":"https:\/\/acreditacion.uni.edu.pe\/es\/wp-json\/wp\/v2\/comments?post=10496"}],"version-history":[{"count":12,"href":"https:\/\/acreditacion.uni.edu.pe\/es\/wp-json\/wp\/v2\/pages\/10496\/revisions"}],"predecessor-version":[{"id":34126,"href":"https:\/\/acreditacion.uni.edu.pe\/es\/wp-json\/wp\/v2\/pages\/10496\/revisions\/34126"}],"up":[{"embeddable":true,"href":"https:\/\/acreditacion.uni.edu.pe\/es\/wp-json\/wp\/v2\/pages\/44"}],"wp:attachment":[{"href":"https:\/\/acreditacion.uni.edu.pe\/es\/wp-json\/wp\/v2\/media?parent=10496"}],"curies":[{"name":"wp","href":"https:\/\/api.w.org\/{rel}","templated":true}]}}