{"id":10487,"date":"2016-11-21T12:38:35","date_gmt":"2016-11-21T17:38:35","guid":{"rendered":"http:\/\/acreditacion.uni.edu.pe\/?page_id=10487"},"modified":"2019-04-11T15:27:11","modified_gmt":"2019-04-11T20:27:11","slug":"cedime","status":"publish","type":"page","link":"https:\/\/acreditacion.uni.edu.pe\/es\/mechanical-electrical\/cedime\/","title":{"rendered":"Ingenier\u00eda Mec\u00e1nica-El\u00e9ctrica &#8211; CEDIME"},"content":{"rendered":"<p><a href=\"http:\/\/acreditacion.uni.edu.pe\/wp-content\/uploads\/2016\/11\/CEDIME-1-Visita-1.jpg\" data-rel=\"lightbox-image-0\" data-rl_title=\"\" data-rl_caption=\"\" title=\"\"><img loading=\"lazy\" decoding=\"async\" class=\"alignnone size-full wp-image-10551\" src=\"http:\/\/acreditacion.uni.edu.pe\/wp-content\/uploads\/2016\/11\/CEDIME-1-Visita-1.jpg\" alt=\"cedime-1-visita-1\" width=\"960\" height=\"888\" srcset=\"https:\/\/acreditacion.uni.edu.pe\/wp-content\/uploads\/2016\/11\/CEDIME-1-Visita-1.jpg 960w, https:\/\/acreditacion.uni.edu.pe\/wp-content\/uploads\/2016\/11\/CEDIME-1-Visita-1-300x278.jpg 300w, https:\/\/acreditacion.uni.edu.pe\/wp-content\/uploads\/2016\/11\/CEDIME-1-Visita-1-768x710.jpg 768w\" sizes=\"auto, (max-width: 960px) 100vw, 960px\" \/><\/a><\/p>\n<p><strong>CEDIME&nbsp;&#8211; Student Chapter UNI<\/strong><br \/>\n<a href=\"http:\/\/www.cedime.uni.edu.pe\/\">https:\/\/www.facebook.com\/cedime\/<br \/>\nhttp:\/\/www.cedime.uni.edu.pe\/<br \/>\n<\/a><\/p>\n<p style=\"padding-left: 30px; text-align: justify;\">El Centro de Desarrollo e Investigaci\u00f3n de Mec\u00e1nica El\u00e9ctrica (CEDIME) es una instituci\u00f3n sin fines de lucro, cuyo prop\u00f3sito es impulsar la creatividad, investigaci\u00f3n, desarrollo y difusi\u00f3n de nuevas tecnolog\u00edas afines a la especialidad de Ingenier\u00eda Mec\u00e1nica El\u00e9ctrica.<\/p>\n<div id=\"su_slider_69f18b3f01df1\" class=\"su-slider su-slider-centered su-slider-pages-yes su-slider-responsive-yes su-lightbox-gallery\" style=\"width:100%\" data-autoplay=\"3000\" data-speed=\"600\" data-mousewheel=\"true\"><div class=\"su-slider-slides\"><div class=\"su-slider-slide\"><a href=\"https:\/\/acreditacion.uni.edu.pe\/wp-content\/uploads\/2016\/11\/CEDIME-Charla-2.jpg\"  title=\"\" data-rel=\"lightbox-image-1\" data-rl_title=\"\" data-rl_caption=\"\"><img decoding=\"async\" src=\"https:\/\/acreditacion.uni.edu.pe\/wp-content\/uploads\/2016\/11\/CEDIME-Charla-2-600x800.jpg\" alt=\"cedime-charla-2\" \/><\/a><\/div><div class=\"su-slider-slide\"><a href=\"https:\/\/acreditacion.uni.edu.pe\/wp-content\/uploads\/2016\/11\/CEDIME-Charla-3.jpg\"  title=\"\" data-rel=\"lightbox-image-2\" data-rl_title=\"\" data-rl_caption=\"\"><img decoding=\"async\" src=\"https:\/\/acreditacion.uni.edu.pe\/wp-content\/uploads\/2016\/11\/CEDIME-Charla-3-600x800.jpg\" alt=\"cedime-charla-3\" \/><\/a><\/div><div class=\"su-slider-slide\"><a href=\"https:\/\/acreditacion.uni.edu.pe\/wp-content\/uploads\/2016\/11\/CEDIME-Charla-4.jpg\"  title=\"\" data-rel=\"lightbox-image-3\" data-rl_title=\"\" data-rl_caption=\"\"><img decoding=\"async\" src=\"https:\/\/acreditacion.uni.edu.pe\/wp-content\/uploads\/2016\/11\/CEDIME-Charla-4-600x800.jpg\" alt=\"cedime-charla-4\" \/><\/a><\/div><div class=\"su-slider-slide\"><a href=\"https:\/\/acreditacion.uni.edu.pe\/wp-content\/uploads\/2016\/11\/CEDIME-Charla-5.jpg\"  title=\"\" data-rel=\"lightbox-image-4\" data-rl_title=\"\" data-rl_caption=\"\"><img decoding=\"async\" src=\"https:\/\/acreditacion.uni.edu.pe\/wp-content\/uploads\/2016\/11\/CEDIME-Charla-5-600x800.jpg\" alt=\"cedime-charla-5\" \/><\/a><\/div><div class=\"su-slider-slide\"><a href=\"https:\/\/acreditacion.uni.edu.pe\/wp-content\/uploads\/2016\/11\/CEDIME-Charla-6.jpg\"  title=\"\" data-rel=\"lightbox-image-5\" data-rl_title=\"\" data-rl_caption=\"\"><img decoding=\"async\" src=\"https:\/\/acreditacion.uni.edu.pe\/wp-content\/uploads\/2016\/11\/CEDIME-Charla-6-600x800.jpg\" alt=\"cedime-charla-6\" \/><\/a><\/div><div class=\"su-slider-slide\"><a href=\"https:\/\/acreditacion.uni.edu.pe\/wp-content\/uploads\/2016\/11\/CEDIME-Charla-7.jpg\"  title=\"\" data-rel=\"lightbox-image-6\" data-rl_title=\"\" data-rl_caption=\"\"><img decoding=\"async\" src=\"https:\/\/acreditacion.uni.edu.pe\/wp-content\/uploads\/2016\/11\/CEDIME-Charla-7-600x800.jpg\" alt=\"cedime-charla-7\" \/><\/a><\/div><div class=\"su-slider-slide\"><a href=\"https:\/\/acreditacion.uni.edu.pe\/wp-content\/uploads\/2016\/11\/CEDIME-Charla-10.jpg\"  title=\"\" data-rel=\"lightbox-image-7\" data-rl_title=\"\" data-rl_caption=\"\"><img decoding=\"async\" src=\"https:\/\/acreditacion.uni.edu.pe\/wp-content\/uploads\/2016\/11\/CEDIME-Charla-10-600x800.jpg\" alt=\"cedime-charla-10\" \/><\/a><\/div><div class=\"su-slider-slide\"><a href=\"https:\/\/acreditacion.uni.edu.pe\/wp-content\/uploads\/2016\/11\/CEDIME-Visita-2.jpg\"  title=\"\" data-rel=\"lightbox-image-8\" data-rl_title=\"\" data-rl_caption=\"\"><img decoding=\"async\" src=\"https:\/\/acreditacion.uni.edu.pe\/wp-content\/uploads\/2016\/11\/CEDIME-Visita-2-600x800.jpg\" alt=\"cedime-visita-2\" \/><\/a><\/div><\/div><div class=\"su-slider-nav\"><div class=\"su-slider-direction\"><span class=\"su-slider-prev\"><\/span><span class=\"su-slider-next\"><\/span><\/div><div class=\"su-slider-pagination\"><\/div><\/div><\/div>\n","protected":false},"excerpt":{"rendered":"<p>CEDIME&nbsp;&#8211; Student Chapter UNI https:\/\/www.facebook.com\/cedime\/ http:\/\/www.cedime.uni.edu.pe\/ El Centro de Desarrollo e Investigaci\u00f3n de Mec\u00e1nica El\u00e9ctrica (CEDIME) es una instituci\u00f3n sin fines de lucro, cuyo prop\u00f3sito es impulsar la creatividad, investigaci\u00f3n, desarrollo y difusi\u00f3n de&#46;&#46;&#46;<\/p>\n","protected":false},"author":2,"featured_media":0,"parent":40,"menu_order":0,"comment_status":"closed","ping_status":"closed","template":"","meta":{"footnotes":"","_links_to":"","_links_to_target":""},"class_list":["post-10487","page","type-page","status-publish","hentry"],"_links":{"self":[{"href":"https:\/\/acreditacion.uni.edu.pe\/es\/wp-json\/wp\/v2\/pages\/10487","targetHints":{"allow":["GET"]}}],"collection":[{"href":"https:\/\/acreditacion.uni.edu.pe\/es\/wp-json\/wp\/v2\/pages"}],"about":[{"href":"https:\/\/acreditacion.uni.edu.pe\/es\/wp-json\/wp\/v2\/types\/page"}],"author":[{"embeddable":true,"href":"https:\/\/acreditacion.uni.edu.pe\/es\/wp-json\/wp\/v2\/users\/2"}],"replies":[{"embeddable":true,"href":"https:\/\/acreditacion.uni.edu.pe\/es\/wp-json\/wp\/v2\/comments?post=10487"}],"version-history":[{"count":12,"href":"https:\/\/acreditacion.uni.edu.pe\/es\/wp-json\/wp\/v2\/pages\/10487\/revisions"}],"predecessor-version":[{"id":27965,"href":"https:\/\/acreditacion.uni.edu.pe\/es\/wp-json\/wp\/v2\/pages\/10487\/revisions\/27965"}],"up":[{"embeddable":true,"href":"https:\/\/acreditacion.uni.edu.pe\/es\/wp-json\/wp\/v2\/pages\/40"}],"wp:attachment":[{"href":"https:\/\/acreditacion.uni.edu.pe\/es\/wp-json\/wp\/v2\/media?parent=10487"}],"curies":[{"name":"wp","href":"https:\/\/api.w.org\/{rel}","templated":true}]}}