{"id":10476,"date":"2016-11-21T11:40:45","date_gmt":"2016-11-21T16:40:45","guid":{"rendered":"http:\/\/acreditacion.uni.edu.pe\/?page_id=10476"},"modified":"2019-04-11T15:08:52","modified_gmt":"2019-04-11T20:08:52","slug":"asme","status":"publish","type":"page","link":"https:\/\/acreditacion.uni.edu.pe\/es\/mechanical\/asme\/","title":{"rendered":"Ingenier\u00eda Mec\u00e1nica &#8211; Cap\u00edtulo ASME"},"content":{"rendered":"<p><a href=\"http:\/\/acreditacion.uni.edu.pe\/wp-content\/uploads\/2016\/11\/Asme-1.jpg\" data-rel=\"lightbox-image-0\" data-rl_title=\"\" data-rl_caption=\"\" title=\"\"><img loading=\"lazy\" decoding=\"async\" src=\"http:\/\/acreditacion.uni.edu.pe\/wp-content\/uploads\/2016\/11\/Asme-1.jpg\" alt=\"asme-1\" width=\"960\" height=\"720\" class=\"alignnone size-full wp-image-10549\" srcset=\"https:\/\/acreditacion.uni.edu.pe\/wp-content\/uploads\/2016\/11\/Asme-1.jpg 960w, https:\/\/acreditacion.uni.edu.pe\/wp-content\/uploads\/2016\/11\/Asme-1-300x225.jpg 300w, https:\/\/acreditacion.uni.edu.pe\/wp-content\/uploads\/2016\/11\/Asme-1-768x576.jpg 768w\" sizes=\"auto, (max-width: 960px) 100vw, 960px\" \/><\/a><br \/>\n<strong>ASME\u00a0&#8211; Student Chapter UNI<\/strong><br \/>\n<a href=\"https:\/\/www.facebook.com\/asmeuni\/\">https:\/\/www.facebook.com\/asmeuni\/<\/a><\/p>\n<p style=\"padding-left: 30px; text-align: justify;\">Es una Asociaci\u00f3n Estudiantil sin fines de lucro, de car\u00e1cter cient\u00edfico, deportivo y principalmente cultural, fundada por estudiantes de la Facultad de Ingenier\u00eda Mec\u00e1nica de la Universidad Nacional de Ingenier\u00eda, UNI (Lima-PE).<\/p>\n<div id=\"su_slider_69ee750905e43\" class=\"su-slider su-slider-centered su-slider-pages-yes su-slider-responsive-yes su-lightbox-gallery\" style=\"width:100%\" data-autoplay=\"3000\" data-speed=\"600\" data-mousewheel=\"true\"><div class=\"su-slider-slides\"><div class=\"su-slider-slide\"><a href=\"https:\/\/acreditacion.uni.edu.pe\/wp-content\/uploads\/2016\/11\/ASME-7-Charla-4-Nov-.jpg\"  title=\"\" data-rel=\"lightbox-image-1\" data-rl_title=\"\" data-rl_caption=\"\"><img decoding=\"async\" src=\"https:\/\/acreditacion.uni.edu.pe\/wp-content\/uploads\/2016\/11\/ASME-7-Charla-4-Nov--600x800.jpg\" alt=\"asme-7-charla-4-nov\" \/><\/a><\/div><div class=\"su-slider-slide\"><a href=\"https:\/\/acreditacion.uni.edu.pe\/wp-content\/uploads\/2016\/11\/ASME-6-Charla-23-Oct.jpg\"  title=\"\" data-rel=\"lightbox-image-2\" data-rl_title=\"\" data-rl_caption=\"\"><img decoding=\"async\" src=\"https:\/\/acreditacion.uni.edu.pe\/wp-content\/uploads\/2016\/11\/ASME-6-Charla-23-Oct-600x800.jpg\" alt=\"asme-6-charla-23-oct\" \/><\/a><\/div><div class=\"su-slider-slide\"><a href=\"https:\/\/acreditacion.uni.edu.pe\/wp-content\/uploads\/2016\/11\/ASME-5-CIIM-Proyecto.jpg\"  title=\"\" data-rel=\"lightbox-image-3\" data-rl_title=\"\" data-rl_caption=\"\"><img decoding=\"async\" src=\"https:\/\/acreditacion.uni.edu.pe\/wp-content\/uploads\/2016\/11\/ASME-5-CIIM-Proyecto-600x800.jpg\" alt=\"asme-5-ciim-proyecto\" \/><\/a><\/div><div class=\"su-slider-slide\"><a href=\"https:\/\/acreditacion.uni.edu.pe\/wp-content\/uploads\/2016\/11\/ASME-4-Curso-6-Nov.jpg\"  title=\"\" data-rel=\"lightbox-image-4\" data-rl_title=\"\" data-rl_caption=\"\"><img decoding=\"async\" src=\"https:\/\/acreditacion.uni.edu.pe\/wp-content\/uploads\/2016\/11\/ASME-4-Curso-6-Nov-600x800.jpg\" alt=\"asme-4-curso-6-nov\" \/><\/a><\/div><div class=\"su-slider-slide\"><a href=\"https:\/\/acreditacion.uni.edu.pe\/wp-content\/uploads\/2016\/11\/ASME-3-Curso-13-Oct.jpg\"  title=\"\" data-rel=\"lightbox-image-5\" data-rl_title=\"\" data-rl_caption=\"\"><img decoding=\"async\" src=\"https:\/\/acreditacion.uni.edu.pe\/wp-content\/uploads\/2016\/11\/ASME-3-Curso-13-Oct-600x800.jpg\" alt=\"asme-3-curso-13-oct\" \/><\/a><\/div><div class=\"su-slider-slide\"><a href=\"https:\/\/acreditacion.uni.edu.pe\/wp-content\/uploads\/2016\/11\/ASME-2-Visita-2-21-Oct.jpg\"  title=\"\" data-rel=\"lightbox-image-6\" data-rl_title=\"\" data-rl_caption=\"\"><img decoding=\"async\" src=\"https:\/\/acreditacion.uni.edu.pe\/wp-content\/uploads\/2016\/11\/ASME-2-Visita-2-21-Oct-600x800.jpg\" alt=\"asme-2-visita-2-21-oct\" \/><\/a><\/div><div class=\"su-slider-slide\"><a href=\"https:\/\/acreditacion.uni.edu.pe\/wp-content\/uploads\/2016\/11\/ASME-1-Visita-21-Oct.jpg\"  title=\"\" data-rel=\"lightbox-image-7\" data-rl_title=\"\" data-rl_caption=\"\"><img decoding=\"async\" src=\"https:\/\/acreditacion.uni.edu.pe\/wp-content\/uploads\/2016\/11\/ASME-1-Visita-21-Oct-600x800.jpg\" alt=\"asme-1-visita-21-oct\" \/><\/a><\/div><\/div><div class=\"su-slider-nav\"><div class=\"su-slider-direction\"><span class=\"su-slider-prev\"><\/span><span class=\"su-slider-next\"><\/span><\/div><div class=\"su-slider-pagination\"><\/div><\/div><\/div>\n","protected":false},"excerpt":{"rendered":"<p>ASME\u00a0&#8211; Student Chapter UNI https:\/\/www.facebook.com\/asmeuni\/ Es una Asociaci\u00f3n Estudiantil sin fines de lucro, de car\u00e1cter cient\u00edfico, deportivo y principalmente cultural, fundada por estudiantes de la Facultad de Ingenier\u00eda Mec\u00e1nica de la Universidad Nacional de&#46;&#46;&#46;<\/p>\n","protected":false},"author":2,"featured_media":0,"parent":38,"menu_order":0,"comment_status":"closed","ping_status":"closed","template":"","meta":{"footnotes":"","_links_to":"","_links_to_target":""},"class_list":["post-10476","page","type-page","status-publish","hentry"],"_links":{"self":[{"href":"https:\/\/acreditacion.uni.edu.pe\/es\/wp-json\/wp\/v2\/pages\/10476","targetHints":{"allow":["GET"]}}],"collection":[{"href":"https:\/\/acreditacion.uni.edu.pe\/es\/wp-json\/wp\/v2\/pages"}],"about":[{"href":"https:\/\/acreditacion.uni.edu.pe\/es\/wp-json\/wp\/v2\/types\/page"}],"author":[{"embeddable":true,"href":"https:\/\/acreditacion.uni.edu.pe\/es\/wp-json\/wp\/v2\/users\/2"}],"replies":[{"embeddable":true,"href":"https:\/\/acreditacion.uni.edu.pe\/es\/wp-json\/wp\/v2\/comments?post=10476"}],"version-history":[{"count":8,"href":"https:\/\/acreditacion.uni.edu.pe\/es\/wp-json\/wp\/v2\/pages\/10476\/revisions"}],"predecessor-version":[{"id":27948,"href":"https:\/\/acreditacion.uni.edu.pe\/es\/wp-json\/wp\/v2\/pages\/10476\/revisions\/27948"}],"up":[{"embeddable":true,"href":"https:\/\/acreditacion.uni.edu.pe\/es\/wp-json\/wp\/v2\/pages\/38"}],"wp:attachment":[{"href":"https:\/\/acreditacion.uni.edu.pe\/es\/wp-json\/wp\/v2\/media?parent=10476"}],"curies":[{"name":"wp","href":"https:\/\/api.w.org\/{rel}","templated":true}]}}