{"id":10448,"date":"2016-11-14T13:17:20","date_gmt":"2016-11-14T18:17:20","guid":{"rendered":"http:\/\/acreditacion.uni.edu.pe\/?page_id=10448"},"modified":"2019-04-11T14:02:18","modified_gmt":"2019-04-11T19:02:18","slug":"tms","status":"publish","type":"page","link":"https:\/\/acreditacion.uni.edu.pe\/es\/metallurgical\/tms\/","title":{"rendered":"Ingenier\u00eda Metal\u00fargica &#8211; Cap\u00edtulo TMS"},"content":{"rendered":"<p><strong>TMS (The Minerals, Metals &amp; Materials Society) &#8211; Student Chapter UNI<\/strong><\/p>\n<p><a href=\"http:\/\/acreditacion.uni.edu.pe\/wp-content\/uploads\/2016\/11\/TMS-Chapter.jpg\" data-rel=\"lightbox-image-0\" data-rl_title=\"\" data-rl_caption=\"\" title=\"\"><img loading=\"lazy\" decoding=\"async\" class=\"size-large wp-image-10458 aligncenter\" src=\"http:\/\/acreditacion.uni.edu.pe\/wp-content\/uploads\/2016\/11\/TMS-Chapter-772x1024.jpg\" alt=\"tms-chapter\" width=\"772\" height=\"1024\" srcset=\"https:\/\/acreditacion.uni.edu.pe\/wp-content\/uploads\/2016\/11\/TMS-Chapter-772x1024.jpg 772w, https:\/\/acreditacion.uni.edu.pe\/wp-content\/uploads\/2016\/11\/TMS-Chapter-226x300.jpg 226w, https:\/\/acreditacion.uni.edu.pe\/wp-content\/uploads\/2016\/11\/TMS-Chapter-768x1019.jpg 768w, https:\/\/acreditacion.uni.edu.pe\/wp-content\/uploads\/2016\/11\/TMS-Chapter.jpg 1543w\" sizes=\"auto, (max-width: 772px) 100vw, 772px\" \/><\/a><br \/>\n<a href=\"http:\/\/acreditacion.uni.edu.pe\/wp-content\/uploads\/2016\/11\/SME-10.jpg\" data-rel=\"lightbox-image-1\" data-rl_title=\"\" data-rl_caption=\"\" title=\"\"><img loading=\"lazy\" decoding=\"async\" class=\"size-large wp-image-10381 aligncenter\" src=\"http:\/\/acreditacion.uni.edu.pe\/wp-content\/uploads\/2016\/11\/SME-10-773x1024.jpg\" alt=\"sme-10\" width=\"773\" height=\"1024\" srcset=\"https:\/\/acreditacion.uni.edu.pe\/wp-content\/uploads\/2016\/11\/SME-10-773x1024.jpg 773w, https:\/\/acreditacion.uni.edu.pe\/wp-content\/uploads\/2016\/11\/SME-10-226x300.jpg 226w, https:\/\/acreditacion.uni.edu.pe\/wp-content\/uploads\/2016\/11\/SME-10-768x1017.jpg 768w, https:\/\/acreditacion.uni.edu.pe\/wp-content\/uploads\/2016\/11\/SME-10.jpg 807w\" sizes=\"auto, (max-width: 773px) 100vw, 773px\" \/><\/a><\/p>\n<div style=\"text-align: right;\"><a href=\"http:\/\/acreditacion.uni.edu.pe\/wp-content\/uploads\/2016\/11\/Diptico-SME.pdf\" class=\"su-button su-button-style-glass\" style=\"color:#FFFFFF;background-color:#EF0C0C;border-color:#c00a0a;border-radius:5px\" target=\"_blank\" rel=\"noopener noreferrer\"><span style=\"color:#FFFFFF;padding:6px 16px;font-size:13px;line-height:20px;border-color:#f45555;border-radius:5px;text-shadow:none\"><img decoding=\"async\" src=\"http:\/\/acreditacion.uni.edu.pe\/wp-content\/uploads\/2015\/08\/pdf-logo.png\" alt=\"Download Panphelt\" style=\"width:20px;height:20px\" \/> Download Panphelt<\/span><\/a><\/div>\n","protected":false},"excerpt":{"rendered":"<p>TMS (The Minerals, Metals &amp; Materials Society) &#8211; Student Chapter UNI<\/p>\n","protected":false},"author":2,"featured_media":0,"parent":52,"menu_order":0,"comment_status":"closed","ping_status":"closed","template":"","meta":{"footnotes":"","_links_to":"","_links_to_target":""},"class_list":["post-10448","page","type-page","status-publish","hentry"],"_links":{"self":[{"href":"https:\/\/acreditacion.uni.edu.pe\/es\/wp-json\/wp\/v2\/pages\/10448","targetHints":{"allow":["GET"]}}],"collection":[{"href":"https:\/\/acreditacion.uni.edu.pe\/es\/wp-json\/wp\/v2\/pages"}],"about":[{"href":"https:\/\/acreditacion.uni.edu.pe\/es\/wp-json\/wp\/v2\/types\/page"}],"author":[{"embeddable":true,"href":"https:\/\/acreditacion.uni.edu.pe\/es\/wp-json\/wp\/v2\/users\/2"}],"replies":[{"embeddable":true,"href":"https:\/\/acreditacion.uni.edu.pe\/es\/wp-json\/wp\/v2\/comments?post=10448"}],"version-history":[{"count":5,"href":"https:\/\/acreditacion.uni.edu.pe\/es\/wp-json\/wp\/v2\/pages\/10448\/revisions"}],"predecessor-version":[{"id":27937,"href":"https:\/\/acreditacion.uni.edu.pe\/es\/wp-json\/wp\/v2\/pages\/10448\/revisions\/27937"}],"up":[{"embeddable":true,"href":"https:\/\/acreditacion.uni.edu.pe\/es\/wp-json\/wp\/v2\/pages\/52"}],"wp:attachment":[{"href":"https:\/\/acreditacion.uni.edu.pe\/es\/wp-json\/wp\/v2\/media?parent=10448"}],"curies":[{"name":"wp","href":"https:\/\/api.w.org\/{rel}","templated":true}]}}