{"id":10440,"date":"2016-11-14T13:10:49","date_gmt":"2016-11-14T18:10:49","guid":{"rendered":"http:\/\/acreditacion.uni.edu.pe\/?page_id=10440"},"modified":"2019-04-11T13:59:46","modified_gmt":"2019-04-11T18:59:46","slug":"sme","status":"publish","type":"page","link":"https:\/\/acreditacion.uni.edu.pe\/es\/metallurgical\/sme\/","title":{"rendered":"Ingenier\u00eda Metal\u00fargica &#8211; Cap\u00edtulo SME"},"content":{"rendered":"<p><strong>SME &#8211; Student Chapter UNI<\/strong><br \/>\n<a href=\"https:\/\/www.facebook.com\/smeuni\/\">https:\/\/www.facebook.com\/smeuni\/<\/a><\/p>\n<p style=\"padding-left: 30px;\">SME-UNI \/ Student Chapter de la Facultad de Ingenier\u00eda Geol\u00f3gica, Minera y Metal\u00fargica &#8211; Universidad Nacional de Ingenier\u00eda.<\/p>\n<p style=\"text-align: justify;\"><div id=\"su_slider_69ef9c78b0e8d\" class=\"su-slider su-slider-centered su-slider-pages-yes su-slider-responsive-yes\" style=\"width:100%\" data-autoplay=\"3000\" data-speed=\"600\" data-mousewheel=\"true\"><div class=\"su-slider-slides\"><div class=\"su-slider-slide\"><a><img decoding=\"async\" src=\"https:\/\/acreditacion.uni.edu.pe\/wp-content\/uploads\/2015\/05\/SME-1-600x300.jpg\" alt=\"sme-1\" \/><\/a><\/div><div class=\"su-slider-slide\"><a><img decoding=\"async\" src=\"https:\/\/acreditacion.uni.edu.pe\/wp-content\/uploads\/2015\/05\/SME-2--600x300.jpg\" alt=\"sme-2\" \/><\/a><\/div><div class=\"su-slider-slide\"><a><img decoding=\"async\" src=\"https:\/\/acreditacion.uni.edu.pe\/wp-content\/uploads\/2016\/11\/SME-4-600x300.jpg\" alt=\"sme-4\" \/><\/a><\/div><div class=\"su-slider-slide\"><a><img decoding=\"async\" src=\"https:\/\/acreditacion.uni.edu.pe\/wp-content\/uploads\/2016\/11\/SME-5-600x300.jpg\" alt=\"sme-5\" \/><\/a><\/div><div class=\"su-slider-slide\"><a><img decoding=\"async\" src=\"https:\/\/acreditacion.uni.edu.pe\/wp-content\/uploads\/2016\/11\/SME-6-600x300.jpg\" alt=\"sme-6\" \/><\/a><\/div><div class=\"su-slider-slide\"><a><img decoding=\"async\" src=\"https:\/\/acreditacion.uni.edu.pe\/wp-content\/uploads\/2016\/11\/SME-8-600x300.jpg\" alt=\"sme-8\" \/><\/a><\/div><\/div><div class=\"su-slider-nav\"><div class=\"su-slider-direction\"><span class=\"su-slider-prev\"><\/span><span class=\"su-slider-next\"><\/span><\/div><div class=\"su-slider-pagination\"><\/div><\/div><\/div>\n<p><a href=\"http:\/\/acreditacion.uni.edu.pe\/wp-content\/uploads\/2015\/05\/SME-3-.png\" data-rel=\"lightbox-image-0\" data-rl_title=\"\" data-rl_caption=\"\" title=\"\"><img loading=\"lazy\" decoding=\"async\" class=\"size-full wp-image-10370 aligncenter\" src=\"http:\/\/acreditacion.uni.edu.pe\/wp-content\/uploads\/2015\/05\/SME-3-.png\" alt=\"sme-3\" width=\"800\" height=\"800\" srcset=\"https:\/\/acreditacion.uni.edu.pe\/wp-content\/uploads\/2015\/05\/SME-3-.png 800w, https:\/\/acreditacion.uni.edu.pe\/wp-content\/uploads\/2015\/05\/SME-3--150x150.png 150w, https:\/\/acreditacion.uni.edu.pe\/wp-content\/uploads\/2015\/05\/SME-3--300x300.png 300w, https:\/\/acreditacion.uni.edu.pe\/wp-content\/uploads\/2015\/05\/SME-3--768x768.png 768w, https:\/\/acreditacion.uni.edu.pe\/wp-content\/uploads\/2015\/05\/SME-3--160x160.png 160w, https:\/\/acreditacion.uni.edu.pe\/wp-content\/uploads\/2015\/05\/SME-3--320x320.png 320w\" sizes=\"auto, (max-width: 800px) 100vw, 800px\" \/><\/a><\/p>\n<p><a href=\"http:\/\/acreditacion.uni.edu.pe\/wp-content\/uploads\/2016\/11\/SME-8.jpg\" data-rel=\"lightbox-image-1\" data-rl_title=\"\" data-rl_caption=\"\" title=\"\"><img loading=\"lazy\" decoding=\"async\" class=\"size-full wp-image-10392 aligncenter\" src=\"http:\/\/acreditacion.uni.edu.pe\/wp-content\/uploads\/2016\/11\/SME-8.jpg\" alt=\"sme-8\" width=\"960\" height=\"960\" srcset=\"https:\/\/acreditacion.uni.edu.pe\/wp-content\/uploads\/2016\/11\/SME-8.jpg 960w, https:\/\/acreditacion.uni.edu.pe\/wp-content\/uploads\/2016\/11\/SME-8-150x150.jpg 150w, https:\/\/acreditacion.uni.edu.pe\/wp-content\/uploads\/2016\/11\/SME-8-300x300.jpg 300w, https:\/\/acreditacion.uni.edu.pe\/wp-content\/uploads\/2016\/11\/SME-8-768x768.jpg 768w, https:\/\/acreditacion.uni.edu.pe\/wp-content\/uploads\/2016\/11\/SME-8-160x160.jpg 160w, https:\/\/acreditacion.uni.edu.pe\/wp-content\/uploads\/2016\/11\/SME-8-320x320.jpg 320w\" sizes=\"auto, (max-width: 960px) 100vw, 960px\" \/><\/a><br \/>\n&nbsp;<br \/>\n&nbsp;<br \/>\n&nbsp;<br \/>\n<strong>TMS (The Minerals, Metals &amp; Materials Society) &#8211; Student Chapter UNI<\/strong><br \/>\n<a href=\"http:\/\/acreditacion.uni.edu.pe\/wp-content\/uploads\/2016\/11\/SME-10.jpg\" data-rel=\"lightbox-image-2\" data-rl_title=\"\" data-rl_caption=\"\" title=\"\"><img loading=\"lazy\" decoding=\"async\" class=\"size-large wp-image-10381 aligncenter\" src=\"http:\/\/acreditacion.uni.edu.pe\/wp-content\/uploads\/2016\/11\/SME-10-773x1024.jpg\" alt=\"sme-10\" width=\"773\" height=\"1024\" srcset=\"https:\/\/acreditacion.uni.edu.pe\/wp-content\/uploads\/2016\/11\/SME-10-773x1024.jpg 773w, https:\/\/acreditacion.uni.edu.pe\/wp-content\/uploads\/2016\/11\/SME-10-226x300.jpg 226w, https:\/\/acreditacion.uni.edu.pe\/wp-content\/uploads\/2016\/11\/SME-10-768x1017.jpg 768w, https:\/\/acreditacion.uni.edu.pe\/wp-content\/uploads\/2016\/11\/SME-10.jpg 807w\" sizes=\"auto, (max-width: 773px) 100vw, 773px\" \/><\/a><\/p>\n<div style=\"text-align: right;\"><a href=\"http:\/\/acreditacion.uni.edu.pe\/wp-content\/uploads\/2016\/11\/Diptico-SME.pdf\" class=\"su-button su-button-style-glass\" style=\"color:#FFFFFF;background-color:#EF0C0C;border-color:#c00a0a;border-radius:5px\" target=\"_blank\" rel=\"noopener noreferrer\"><span style=\"color:#FFFFFF;padding:6px 16px;font-size:13px;line-height:20px;border-color:#f45555;border-radius:5px;text-shadow:none\"><img decoding=\"async\" src=\"http:\/\/acreditacion.uni.edu.pe\/wp-content\/uploads\/2015\/08\/pdf-logo.png\" alt=\"Download Panphelt\" style=\"width:20px;height:20px\" \/> Download Panphelt<\/span><\/a><\/div>\n","protected":false},"excerpt":{"rendered":"<p>SME &#8211; Student Chapter UNI https:\/\/www.facebook.com\/smeuni\/ SME-UNI \/ Student Chapter de la Facultad de Ingenier\u00eda Geol\u00f3gica, Minera y Metal\u00fargica &#8211; Universidad Nacional de Ingenier\u00eda. &nbsp; &nbsp; &nbsp; TMS (The Minerals, Metals &amp; Materials Society)&#46;&#46;&#46;<\/p>\n","protected":false},"author":2,"featured_media":0,"parent":52,"menu_order":0,"comment_status":"closed","ping_status":"closed","template":"","meta":{"footnotes":"","_links_to":"","_links_to_target":""},"class_list":["post-10440","page","type-page","status-publish","hentry"],"_links":{"self":[{"href":"https:\/\/acreditacion.uni.edu.pe\/es\/wp-json\/wp\/v2\/pages\/10440","targetHints":{"allow":["GET"]}}],"collection":[{"href":"https:\/\/acreditacion.uni.edu.pe\/es\/wp-json\/wp\/v2\/pages"}],"about":[{"href":"https:\/\/acreditacion.uni.edu.pe\/es\/wp-json\/wp\/v2\/types\/page"}],"author":[{"embeddable":true,"href":"https:\/\/acreditacion.uni.edu.pe\/es\/wp-json\/wp\/v2\/users\/2"}],"replies":[{"embeddable":true,"href":"https:\/\/acreditacion.uni.edu.pe\/es\/wp-json\/wp\/v2\/comments?post=10440"}],"version-history":[{"count":3,"href":"https:\/\/acreditacion.uni.edu.pe\/es\/wp-json\/wp\/v2\/pages\/10440\/revisions"}],"predecessor-version":[{"id":27936,"href":"https:\/\/acreditacion.uni.edu.pe\/es\/wp-json\/wp\/v2\/pages\/10440\/revisions\/27936"}],"up":[{"embeddable":true,"href":"https:\/\/acreditacion.uni.edu.pe\/es\/wp-json\/wp\/v2\/pages\/52"}],"wp:attachment":[{"href":"https:\/\/acreditacion.uni.edu.pe\/es\/wp-json\/wp\/v2\/media?parent=10440"}],"curies":[{"name":"wp","href":"https:\/\/api.w.org\/{rel}","templated":true}]}}