{"id":10427,"date":"2016-11-14T13:01:25","date_gmt":"2016-11-14T18:01:25","guid":{"rendered":"http:\/\/acreditacion.uni.edu.pe\/?page_id=10427"},"modified":"2019-04-10T15:40:04","modified_gmt":"2019-04-10T20:40:04","slug":"aiche","status":"publish","type":"page","link":"https:\/\/acreditacion.uni.edu.pe\/es\/textile\/aiche\/","title":{"rendered":"Ingenier\u00eda Textil &#8211; Cap\u00edtulo AIChe"},"content":{"rendered":"<p><strong>AIChE &#8211; Student Chapter UNI<\/strong><br \/>\n<a href=\"https:\/\/www.facebook.com\/AIChE.UNI.STUDENT.CHAPTER\/\">https:\/\/www.facebook.com\/AIChE.UNI.STUDENT.CHAPTER\/<\/a><\/p>\n<p style=\"padding-left: 30px;\">AIChE &#8211; UNI STUDENT CHAPTER\u00bb El cap\u00edtulo AIChE congrega estudiantes de ingenier\u00eda Qu\u00edmica y afines.<\/p>\n<p><a href=\"http:\/\/acreditacion.uni.edu.pe\/wp-content\/uploads\/2016\/11\/aiche-2.jpg\" data-rel=\"lightbox-image-0\" data-rl_title=\"\" data-rl_caption=\"\" title=\"\"><img loading=\"lazy\" decoding=\"async\" class=\"alignnone wp-image-10405\" src=\"http:\/\/acreditacion.uni.edu.pe\/wp-content\/uploads\/2016\/11\/aiche-2.jpg\" alt=\"aiche-2\" width=\"425\" height=\"283\" srcset=\"https:\/\/acreditacion.uni.edu.pe\/wp-content\/uploads\/2016\/11\/aiche-2.jpg 960w, https:\/\/acreditacion.uni.edu.pe\/wp-content\/uploads\/2016\/11\/aiche-2-300x200.jpg 300w, https:\/\/acreditacion.uni.edu.pe\/wp-content\/uploads\/2016\/11\/aiche-2-768x511.jpg 768w\" sizes=\"auto, (max-width: 425px) 100vw, 425px\" \/><\/a><a href=\"http:\/\/acreditacion.uni.edu.pe\/wp-content\/uploads\/2015\/10\/Diploma.bmp\" data-rel=\"lightbox-image-1\" data-rl_title=\"\" data-rl_caption=\"\" title=\"\"><img loading=\"lazy\" decoding=\"async\" class=\"alignnone wp-image-3264\" src=\"http:\/\/acreditacion.uni.edu.pe\/wp-content\/uploads\/2015\/10\/Diploma.bmp\" alt=\"Diploma\" width=\"365\" height=\"287\"><\/a><\/p>\n<p style=\"text-align: center;\">\n<p><a href=\"http:\/\/acreditacion.uni.edu.pe\/wp-content\/uploads\/2016\/11\/Aiche-3.jpg\" data-rel=\"lightbox-image-2\" data-rl_title=\"\" data-rl_caption=\"\" title=\"\"><img loading=\"lazy\" decoding=\"async\" class=\"size-full wp-image-10406 aligncenter\" src=\"http:\/\/acreditacion.uni.edu.pe\/wp-content\/uploads\/2016\/11\/Aiche-3.jpg\" alt=\"aiche-3\" width=\"960\" height=\"474\" srcset=\"https:\/\/acreditacion.uni.edu.pe\/wp-content\/uploads\/2016\/11\/Aiche-3.jpg 960w, https:\/\/acreditacion.uni.edu.pe\/wp-content\/uploads\/2016\/11\/Aiche-3-300x148.jpg 300w, https:\/\/acreditacion.uni.edu.pe\/wp-content\/uploads\/2016\/11\/Aiche-3-768x379.jpg 768w\" sizes=\"auto, (max-width: 960px) 100vw, 960px\" \/><\/a><\/p>\n<p><a href=\"http:\/\/acreditacion.uni.edu.pe\/wp-content\/uploads\/2016\/11\/Aiche-4.jpg\" data-rel=\"lightbox-image-3\" data-rl_title=\"\" data-rl_caption=\"\" title=\"\"><img loading=\"lazy\" decoding=\"async\" class=\"size-full wp-image-10407 aligncenter\" src=\"http:\/\/acreditacion.uni.edu.pe\/wp-content\/uploads\/2016\/11\/Aiche-4.jpg\" alt=\"aiche-4\" width=\"960\" height=\"667\" srcset=\"https:\/\/acreditacion.uni.edu.pe\/wp-content\/uploads\/2016\/11\/Aiche-4.jpg 960w, https:\/\/acreditacion.uni.edu.pe\/wp-content\/uploads\/2016\/11\/Aiche-4-300x208.jpg 300w, https:\/\/acreditacion.uni.edu.pe\/wp-content\/uploads\/2016\/11\/Aiche-4-768x534.jpg 768w\" sizes=\"auto, (max-width: 960px) 100vw, 960px\" \/><\/a><\/p>\n<p><a href=\"http:\/\/acreditacion.uni.edu.pe\/wp-content\/uploads\/2016\/11\/Aiche-5.jpg\" data-rel=\"lightbox-image-4\" data-rl_title=\"\" data-rl_caption=\"\" title=\"\"><img loading=\"lazy\" decoding=\"async\" class=\"size-full wp-image-10408 aligncenter\" src=\"http:\/\/acreditacion.uni.edu.pe\/wp-content\/uploads\/2016\/11\/Aiche-5.jpg\" alt=\"aiche-5\" width=\"960\" height=\"640\" srcset=\"https:\/\/acreditacion.uni.edu.pe\/wp-content\/uploads\/2016\/11\/Aiche-5.jpg 960w, https:\/\/acreditacion.uni.edu.pe\/wp-content\/uploads\/2016\/11\/Aiche-5-300x200.jpg 300w, https:\/\/acreditacion.uni.edu.pe\/wp-content\/uploads\/2016\/11\/Aiche-5-768x512.jpg 768w\" sizes=\"auto, (max-width: 960px) 100vw, 960px\" \/><\/a><\/p>\n<p><a href=\"http:\/\/acreditacion.uni.edu.pe\/wp-content\/uploads\/2016\/11\/Aiche-6.jpg\" data-rel=\"lightbox-image-5\" data-rl_title=\"\" data-rl_caption=\"\" title=\"\"><img loading=\"lazy\" decoding=\"async\" class=\"size-full wp-image-10409 aligncenter\" src=\"http:\/\/acreditacion.uni.edu.pe\/wp-content\/uploads\/2016\/11\/Aiche-6.jpg\" alt=\"aiche-6\" width=\"742\" height=\"960\" srcset=\"https:\/\/acreditacion.uni.edu.pe\/wp-content\/uploads\/2016\/11\/Aiche-6.jpg 742w, https:\/\/acreditacion.uni.edu.pe\/wp-content\/uploads\/2016\/11\/Aiche-6-232x300.jpg 232w\" sizes=\"auto, (max-width: 742px) 100vw, 742px\" \/><\/a><\/p>\n<p><a href=\"http:\/\/acreditacion.uni.edu.pe\/wp-content\/uploads\/2016\/11\/Aiche-7.jpg\" data-rel=\"lightbox-image-6\" data-rl_title=\"\" data-rl_caption=\"\" title=\"\"><img loading=\"lazy\" decoding=\"async\" class=\"size-full wp-image-10410 aligncenter\" src=\"http:\/\/acreditacion.uni.edu.pe\/wp-content\/uploads\/2016\/11\/Aiche-7.jpg\" alt=\"aiche-7\" width=\"697\" height=\"960\" srcset=\"https:\/\/acreditacion.uni.edu.pe\/wp-content\/uploads\/2016\/11\/Aiche-7.jpg 697w, https:\/\/acreditacion.uni.edu.pe\/wp-content\/uploads\/2016\/11\/Aiche-7-218x300.jpg 218w\" sizes=\"auto, (max-width: 697px) 100vw, 697px\" \/><\/a><\/p>\n<div class=\"su-document su-u-responsive-media-yes\"><iframe loading=\"lazy\" src=\"\/\/docs.google.com\/viewer?embedded=true&url=http:\/\/acreditacion.uni.edu.pe\/wp-content\/uploads\/2015\/10\/Approval-letter-FIQT-UNI.pdf\" width=\"600\" height=\"400\" class=\"su-document\" title=\"\"><\/iframe><\/div>\n","protected":false},"excerpt":{"rendered":"<p>AIChE &#8211; Student Chapter UNI https:\/\/www.facebook.com\/AIChE.UNI.STUDENT.CHAPTER\/ AIChE &#8211; UNI STUDENT CHAPTER\u00bb El cap\u00edtulo AIChE congrega estudiantes de ingenier\u00eda Qu\u00edmica y afines.<\/p>\n","protected":false},"author":2,"featured_media":0,"parent":36,"menu_order":0,"comment_status":"closed","ping_status":"closed","template":"","meta":{"footnotes":"","_links_to":"","_links_to_target":""},"class_list":["post-10427","page","type-page","status-publish","hentry"],"_links":{"self":[{"href":"https:\/\/acreditacion.uni.edu.pe\/es\/wp-json\/wp\/v2\/pages\/10427","targetHints":{"allow":["GET"]}}],"collection":[{"href":"https:\/\/acreditacion.uni.edu.pe\/es\/wp-json\/wp\/v2\/pages"}],"about":[{"href":"https:\/\/acreditacion.uni.edu.pe\/es\/wp-json\/wp\/v2\/types\/page"}],"author":[{"embeddable":true,"href":"https:\/\/acreditacion.uni.edu.pe\/es\/wp-json\/wp\/v2\/users\/2"}],"replies":[{"embeddable":true,"href":"https:\/\/acreditacion.uni.edu.pe\/es\/wp-json\/wp\/v2\/comments?post=10427"}],"version-history":[{"count":3,"href":"https:\/\/acreditacion.uni.edu.pe\/es\/wp-json\/wp\/v2\/pages\/10427\/revisions"}],"predecessor-version":[{"id":27849,"href":"https:\/\/acreditacion.uni.edu.pe\/es\/wp-json\/wp\/v2\/pages\/10427\/revisions\/27849"}],"up":[{"embeddable":true,"href":"https:\/\/acreditacion.uni.edu.pe\/es\/wp-json\/wp\/v2\/pages\/36"}],"wp:attachment":[{"href":"https:\/\/acreditacion.uni.edu.pe\/es\/wp-json\/wp\/v2\/media?parent=10427"}],"curies":[{"name":"wp","href":"https:\/\/api.w.org\/{rel}","templated":true}]}}