{"id":101,"date":"2015-04-29T15:25:20","date_gmt":"2015-04-29T20:25:20","guid":{"rendered":"http:\/\/acreditacion.uni.edu.pe\/?page_id=101"},"modified":"2018-12-07T16:48:31","modified_gmt":"2018-12-07T21:48:31","slug":"objectives","status":"publish","type":"page","link":"https:\/\/acreditacion.uni.edu.pe\/es\/economics\/objectives\/","title":{"rendered":"Ingenier\u00eda Econ\u00f3mica &#8211; Objetivos Educacionales"},"content":{"rendered":"<p style=\"text-align: justify;\">El objetivo principal del Programa de Ingenier\u00eda Econ\u00f3mica es preparar ingenieros para la pr\u00e1ctica exitosa de la ingenier\u00eda econ\u00f3mica a trav\u00e9s de la planificaci\u00f3n, formulaci\u00f3n, evaluaci\u00f3n y gesti\u00f3n de proyectos de inversi\u00f3n p\u00fablica y privada, as\u00ed como la gesti\u00f3n econ\u00f3mica y financiera de organizaciones optimizando el uso y disponibilidad de los recursos financieros y su impacto social.<\/p>\n<p style=\"text-align: justify;\">Tomando en consideraci\u00f3n las necesidades y expectativas de los grupos de inter\u00e9s, as\u00ed como los logros que se esperan alcancen los ingenieros economistas algunos a\u00f1os despu\u00e9s de la graduaci\u00f3n, los Objetivos Educacionales del Programa han sido definidos de manera que los egresados de Ingenier\u00eda Econ\u00f3mica:<\/p>\n<p style=\"text-align: justify;\"><strong style=\"color: #77030f; line-height: 1em;\">1. Competencia T\u00e9cnica<\/strong><\/p>\n<p style=\"text-align: justify;\">Demuestran una s\u00f3lida competencia t\u00e9cnica en la planificaci\u00f3n, formulaci\u00f3n, evaluaci\u00f3n y gesti\u00f3n de proyectos de inversi\u00f3n p\u00fablica y privada, as\u00ed como en la gesti\u00f3n econ\u00f3mica y financiera de organizaciones optimizando el uso y disponibilidad de los recursos financieros y su impacto social.<\/p>\n<p style=\"text-align: justify;\"><strong style=\"line-height: 1em;\"><span style=\"color: #77030f;\"><span style=\"line-height: 1em;\">2.\u00a0<\/span>Adaptabilidad y Logro<\/span><\/strong><\/p>\n<p style=\"text-align: justify;\">Trabajan e interact\u00faan en los diferentes niveles de un proyecto de ingenier\u00eda, logrando las metas propuestas y avanzando en su carrera profesional.<\/p>\n<p style=\"text-align: justify;\"><strong style=\"color: #77030f; line-height: 1em;\">3. Liderazgo<\/strong><\/p>\n<p style=\"text-align: justify;\">Se comunican efectivamente y participan proactivamente en grupos multidisciplinarios desempe\u00f1\u00e1ndose como l\u00edderes o miembros activos.<\/p>\n<p style=\"text-align: justify;\"><strong style=\"color: #77030f; line-height: 1em;\">4. Profesionalismo<\/strong><\/p>\n<p style=\"text-align: justify;\">Se conducen correctamente respetando los est\u00e1ndares y principio \u00e9ticos de la profesi\u00f3n, asumiendo sus responsabilidades sociales y profesionales.<\/p>\n<p style=\"text-align: justify;\"><strong style=\"color: #77030f; line-height: 1em;\">5. Actualizaci\u00f3n Cont\u00ednua<\/strong><\/p>\n<p style=\"text-align: justify;\">Se capacitan y actualizan continuamente, asimilando los avances en la profesi\u00f3n, y completando estudios de especializaci\u00f3n y posgrado.<\/p>\n<p><span style=\"line-height: 1em;\"><div class=\"su-button-center\"><a href=\"http:\/\/acreditacion.uni.edu.pe\/wp-content\/uploads\/2015\/08\/Economica-Objetivos-Educacionales.pdf\" class=\"su-button su-button-style-glass\" style=\"color:#FFFFFF;background-color:#EF0C0C;border-color:#c00a0a;border-radius:5px\" target=\"_blank\" rel=\"noopener noreferrer\"><span style=\"color:#FFFFFF;padding:6px 16px;font-size:13px;line-height:20px;border-color:#f45555;border-radius:5px;text-shadow:none\"><img decoding=\"async\" src=\"http:\/\/acreditacion.uni.edu.pe\/wp-content\/uploads\/2015\/08\/pdf-logo.png\" alt=\"Descargar\" style=\"width:20px;height:20px\" \/> Descargar<\/span><\/a><\/div><\/span><\/p>\n<p>&nbsp;","protected":false},"excerpt":{"rendered":"<p>El objetivo principal del Programa de Ingenier\u00eda Econ\u00f3mica es preparar ingenieros para la pr\u00e1ctica exitosa de la ingenier\u00eda econ\u00f3mica a trav\u00e9s de la planificaci\u00f3n, formulaci\u00f3n, evaluaci\u00f3n y gesti\u00f3n de proyectos de inversi\u00f3n p\u00fablica y&#46;&#46;&#46;<\/p>\n","protected":false},"author":2,"featured_media":0,"parent":46,"menu_order":0,"comment_status":"open","ping_status":"open","template":"","meta":{"footnotes":"","_links_to":"","_links_to_target":""},"class_list":["post-101","page","type-page","status-publish","hentry"],"_links":{"self":[{"href":"https:\/\/acreditacion.uni.edu.pe\/es\/wp-json\/wp\/v2\/pages\/101","targetHints":{"allow":["GET"]}}],"collection":[{"href":"https:\/\/acreditacion.uni.edu.pe\/es\/wp-json\/wp\/v2\/pages"}],"about":[{"href":"https:\/\/acreditacion.uni.edu.pe\/es\/wp-json\/wp\/v2\/types\/page"}],"author":[{"embeddable":true,"href":"https:\/\/acreditacion.uni.edu.pe\/es\/wp-json\/wp\/v2\/users\/2"}],"replies":[{"embeddable":true,"href":"https:\/\/acreditacion.uni.edu.pe\/es\/wp-json\/wp\/v2\/comments?post=101"}],"version-history":[{"count":14,"href":"https:\/\/acreditacion.uni.edu.pe\/es\/wp-json\/wp\/v2\/pages\/101\/revisions"}],"predecessor-version":[{"id":26784,"href":"https:\/\/acreditacion.uni.edu.pe\/es\/wp-json\/wp\/v2\/pages\/101\/revisions\/26784"}],"up":[{"embeddable":true,"href":"https:\/\/acreditacion.uni.edu.pe\/es\/wp-json\/wp\/v2\/pages\/46"}],"wp:attachment":[{"href":"https:\/\/acreditacion.uni.edu.pe\/es\/wp-json\/wp\/v2\/media?parent=101"}],"curies":[{"name":"wp","href":"https:\/\/api.w.org\/{rel}","templated":true}]}}